{"id":37,"date":"2019-11-05T16:01:24","date_gmt":"2019-11-05T15:01:24","guid":{"rendered":"https:\/\/leadershipcivicengagementwater.wpcomstaging.com\/?page_id=37"},"modified":"2024-04-02T15:59:25","modified_gmt":"2024-04-02T13:59:25","slug":"biographie","status":"publish","type":"page","link":"https:\/\/leadershipcivicengagement.com\/?page_id=37","title":{"rendered":"Biographie"},"content":{"rendered":"\t\t<div data-elementor-type=\"wp-page\" data-elementor-id=\"37\" class=\"elementor elementor-37\" data-elementor-post-type=\"page\">\n\t\t\t\t<div class=\"elementor-element elementor-element-19cc2eb e-flex e-con-boxed wpr-particle-no wpr-jarallax-no wpr-parallax-no wpr-sticky-section-no e-con e-parent\" data-id=\"19cc2eb\" data-element_type=\"container\" data-core-v316-plus=\"true\">\n\t\t\t\t\t<div class=\"e-con-inner\">\n\t\t<div class=\"elementor-element elementor-element-02dd2cd e-con-full e-flex wpr-particle-no wpr-jarallax-no wpr-parallax-no wpr-sticky-section-no e-con e-child\" data-id=\"02dd2cd\" data-element_type=\"container\">\n\t\t\t\t<div class=\"elementor-element elementor-element-a4a33be elementor-widget elementor-widget-he-news-module-five\" data-id=\"a4a33be\" data-element_type=\"widget\" data-widget_type=\"he-news-module-five.default\">\n\t\t\t\t<div class=\"elementor-widget-container\">\n\t\t\t        <div class=\"he-news-module-five\">\n                        <div class=\"he-news-module-five-wrap\">\n                                        <div class=\"he-big-block\">\n                            <div class=\"he-post-item he-clearfix\">\n                                <div class=\"he-post-thumb\">\n                                    <a href=\"https:\/\/leadershipcivicengagement.com\/?p=2316\">\n                                        <div class=\"he-thumb-container\">\n                                                                                            <img decoding=\"async\" alt=\"Le miracle Diakhar Faye: de la cellule de prison au fauteuil pr\u00e9sidentiel\" src=\"https:\/\/leadershipcivicengagement.com\/wp-content\/uploads\/2024\/04\/BassirouDiomaye.png\">\n                                                                                    <\/div>\n                                    <\/a>\n\n                                    <ul class=\"he-post-categories\"><li><a class=\"he-category he-category-27\" href=\"https:\/\/leadershipcivicengagement.com\/?cat=27\">Biographie<\/a><\/li><\/ul>                                <\/div>\n\n                                <div class=\"he-post-content\">\n                                    <h3 class=\"he-post-title he-big-title\"><a href=\"https:\/\/leadershipcivicengagement.com\/?p=2316\">Le miracle Diakhar Faye: de la cellule de prison au fauteuil pr\u00e9sidentiel<\/a><\/h3>\n                                    \n                                                <div class=\"he-excerpt\">\nMoins de deux semaines avant son \u00e9lection lors de la pr\u00e9sidentielle&nbsp; du24 mars 2024, Bassirou Diomaye Diakhar Faye \u00e9tait &nbsp;encore en prison. Celui qu\u2019on pourrait \u00e0 raison, qualifi\u00e9 de plus c...<\/div>\n                                            <\/div>\n                            <\/div>  \n                        <\/div>\n                                                                                                <div class=\"he-small-block\">\n                                                        <div class=\"he-post-item he-clearfix\">\n                                <div class=\"he-post-thumb\">\n                                    <a href=\"https:\/\/leadershipcivicengagement.com\/?p=2116\">\n                                        <div class=\"he-thumb-container\">\n                                                                                            <img decoding=\"async\" alt=\"Nelson Mandela : Un h\u00e9ros qui avait tout donn\u00e9 au monde\u2026\" src=\"https:\/\/leadershipcivicengagement.com\/wp-content\/uploads\/2024\/04\/Arti-Biographie-Nelson-Mandela.jpg\">\n                                                                                    <\/div>\n                                    <\/a>\n                                <\/div>\n\n                                <div class=\"he-post-content\">\n                                                                        <h3 class=\"he-post-title\"><a href=\"https:\/\/leadershipcivicengagement.com\/?p=2116\">Nelson Mandela : Un h\u00e9ros qui avait tout donn\u00e9 au monde\u2026<\/a><\/h3>\n                                                                    <\/div>\n                            <\/div>\n                                                                                                                        <div class=\"he-post-item he-clearfix\">\n                                <div class=\"he-post-thumb\">\n                                    <a href=\"https:\/\/leadershipcivicengagement.com\/?p=2082\">\n                                        <div class=\"he-thumb-container\">\n                                                                                            <img decoding=\"async\" alt=\"Carla Harris\" src=\"https:\/\/leadershipcivicengagement.com\/wp-content\/uploads\/2024\/04\/Arti-Biography-Mcarla.jpg\">\n                                                                                    <\/div>\n                                    <\/a>\n                                <\/div>\n\n                                <div class=\"he-post-content\">\n                                                                        <h3 class=\"he-post-title\"><a href=\"https:\/\/leadershipcivicengagement.com\/?p=2082\">Carla Harris<\/a><\/h3>\n                                                                    <\/div>\n                            <\/div>\n                                                                                                                        <div class=\"he-post-item he-clearfix\">\n                                <div class=\"he-post-thumb\">\n                                    <a href=\"https:\/\/leadershipcivicengagement.com\/?p=2109\">\n                                        <div class=\"he-thumb-container\">\n                                                                                            <img decoding=\"async\" alt=\"Brian Tracy\" src=\"https:\/\/leadershipcivicengagement.com\/wp-content\/uploads\/2024\/04\/Arti-Brian-Tracy.jpg\">\n                                                                                    <\/div>\n                                    <\/a>\n                                <\/div>\n\n                                <div class=\"he-post-content\">\n                                                                        <h3 class=\"he-post-title\"><a href=\"https:\/\/leadershipcivicengagement.com\/?p=2109\">Brian Tracy<\/a><\/h3>\n                                                                    <\/div>\n                            <\/div>\n                                                        <\/div>\n                                                                            <\/div>\n        <\/div>   \n        \t\t<\/div>\n\t\t\t\t<\/div>\n\t\t\t\t<\/div>\n\t\t<div class=\"elementor-element elementor-element-f0e659d e-con-full e-flex wpr-particle-no wpr-jarallax-no wpr-parallax-no wpr-sticky-section-no e-con e-child\" data-id=\"f0e659d\" data-element_type=\"container\" data-settings=\"{&quot;background_background&quot;:&quot;classic&quot;}\">\n\t\t\t\t<div class=\"elementor-element elementor-element-c3f5e64 title-two-line title_hover_border_enable tpg-border-bottom-enable section-title-style-default title_position_default tpg-el-box-border-enable elementor-widget elementor-widget-tpg-grid-layout\" data-id=\"c3f5e64\" data-element_type=\"widget\" data-widget_type=\"tpg-grid-layout.default\">\n\t\t\t\t<div class=\"elementor-widget-container\">\n\t\t\t        <div class=\"rt-container-fluid rt-tpg-container tpg-el-main-wrapper clearfix grid-layout4-main \"\r\n             id=\"rt-tpg-container-3421567536\"\r\n             data-layout=\"grid-layout4\"\r\n             data-grid-style=\"tpg-full-height\"\r\n             data-sc-id=\"elementor\"\r\n             data-el-settings=''\r\n             data-el-query=''\r\n             data-el-path=''\r\n        >\r\n\r\n\t\t\t<div class='tpg-header-wrapper '>\r\n        <div class=\"tpg-widget-heading-wrapper rt-clear heading-default \">\r\n            <span class=\"tpg-widget-heading-line line-left\"><\/span>\r\n\r\n\t\t\t<h2 class='tpg-widget-heading'>\r\n\t\t\t\r\n\t\t\t\t                    <span>\r\n                        Vous pouvez aussi lire                    <\/span>\r\n\t\t\t\t\t\r\n\t\t\t\t\t\t\t<\/h2>            <span class=\"tpg-widget-heading-line line-right\"><\/span>\r\n\r\n\t\t\t\r\n        <\/div>\r\n\r\n\t\t\r\n\t\t<\/div>\r\n            <div data-title=\"Loading ...\" class=\"rt-row rt-content-loader grid-layout4 grid-behaviour tpg-full-height grid_layout_wrapper\">\r\n\t\t\t\t\r\n<div class=\"rt-col-md-12 rt-col-sm-12 rt-col-xs-12 default rt-grid-item\" data-id=\"2508\">\r\n\t<div class=\"rt-holder tpg-post-holder\">\r\n\t\t<div class=\"rt-detail rt-el-content-wrapper\">\r\n\t\t\t\r\n\t\t\t<div class=\"entry-title-wrapper\"><h3 class=\"entry-title\"><a data-id=\"2508\" href=\"https:\/\/leadershipcivicengagement.com\/?p=2508\" class=\"tpg-post-link\" target=\"_self\">7\u00e8me \u00e9dition\u00a0 du Projet \u2018\u2019No\u00ebl pour tous\u2018\u2019\u00a0: l\u2019ONG ProGen B\u00e9nin t\u00e9moigne sa solidarit\u00e9 envers les enfants de Ouidah<\/a><\/h3><\/div>\r\n\t\t\t\r\n\t\t\t\r\n\t\t\t\t\t<\/div>\r\n\t<\/div>\r\n<\/div>\r\n\r\n<div class=\"rt-col-md-12 rt-col-sm-12 rt-col-xs-12 default rt-grid-item\" data-id=\"2459\">\r\n\t<div class=\"rt-holder tpg-post-holder\">\r\n\t\t<div class=\"rt-detail rt-el-content-wrapper\">\r\n\t\t\t\r\n\t\t\t<div class=\"entry-title-wrapper\"><h3 class=\"entry-title\"><a data-id=\"2459\" href=\"https:\/\/leadershipcivicengagement.com\/?p=2459\" class=\"tpg-post-link\" target=\"_self\">Passation de charge au Rotary Club d\u2019Abomey-Calavi\u00a0: Rosine Ou\u00e9draogo prend les r\u00eanes de l\u2019association<\/a><\/h3><\/div>\r\n\t\t\t\r\n\t\t\t\r\n\t\t\t\t\t<\/div>\r\n\t<\/div>\r\n<\/div>\r\n\r\n<div class=\"rt-col-md-12 rt-col-sm-12 rt-col-xs-12 default rt-grid-item\" data-id=\"2345\">\r\n\t<div class=\"rt-holder tpg-post-holder\">\r\n\t\t<div class=\"rt-detail rt-el-content-wrapper\">\r\n\t\t\t\r\n\t\t\t<div class=\"entry-title-wrapper\"><h3 class=\"entry-title\"><a data-id=\"2345\" href=\"https:\/\/leadershipcivicengagement.com\/?p=2345\" class=\"tpg-post-link\" target=\"_self\">Lutte contre les maladies tropicales n\u00e9glig\u00e9es\u00a0au B\u00e9nin: quatre communes \u00e0 pr\u00e9valence critique disposeront bient\u00f4t de plan d&rsquo;action de plaidoyer et de communication<\/a><\/h3><\/div>\r\n\t\t\t\r\n\t\t\t\r\n\t\t\t\t\t<\/div>\r\n\t<\/div>\r\n<\/div>\r\n\r\n<div class=\"rt-col-md-12 rt-col-sm-12 rt-col-xs-12 default rt-grid-item\" data-id=\"1718\">\r\n\t<div class=\"rt-holder tpg-post-holder\">\r\n\t\t<div class=\"rt-detail rt-el-content-wrapper\">\r\n\t\t\t\r\n\t\t\t<div class=\"entry-title-wrapper\"><h3 class=\"entry-title\"><a data-id=\"1718\" href=\"https:\/\/leadershipcivicengagement.com\/?p=1718\" class=\"tpg-post-link\" target=\"_self\">Sensibilisation \u00e0 l\u2019hygi\u00e8ne menstruelle en milieu rural pour le maintien des filles \u00e0 l\u2019\u00e9cole: 60 \u00e9l\u00e8ves filles et gar\u00e7ons du CEG 1 Madjr\u00e8 form\u00e9s<\/a><\/h3><\/div>\r\n\t\t\t\r\n\t\t\t\r\n\t\t\t\t\t<\/div>\r\n\t<\/div>\r\n<\/div>\r\n\r\n<div class=\"rt-col-md-12 rt-col-sm-12 rt-col-xs-12 default rt-grid-item\" data-id=\"1378\">\r\n\t<div class=\"rt-holder tpg-post-holder\">\r\n\t\t<div class=\"rt-detail rt-el-content-wrapper\">\r\n\t\t\t\r\n\t\t\t<div class=\"entry-title-wrapper\"><h3 class=\"entry-title\"><a data-id=\"1378\" href=\"https:\/\/leadershipcivicengagement.com\/?p=1378\" class=\"tpg-post-link\" target=\"_self\">Atelier \u00a0de restitution de la 8\u00e8me promotion du\u00a0 Programme de Leadership au Sahel\u00a0<\/a><\/h3><\/div>\r\n\t\t\t\r\n\t\t\t\r\n\t\t\t\t\t<\/div>\r\n\t<\/div>\r\n<\/div>\r\n            <\/div>\r\n\t\t\t\r\n        <\/div>\r\n\t\t\t\t<\/div>\n\t\t\t\t<\/div>\n\t\t\t\t<\/div>\n\t\t\t\t\t<\/div>\n\t\t\t\t<\/div>\n\t\t\t\t<\/div>\n\t\t","protected":false},"excerpt":{"rendered":"<p>Biographie Nelson Mandela : Un h\u00e9ros qui avait tout donn\u00e9 au monde\u2026 \u00ab&nbsp;Mener son pays vers la d\u00e9mocratie, \u00e0 l\u2019\u00e9galit\u00e9 de droits pour les noirs et les blancs&nbsp;\u00bb. Voil\u00e0 le r\u00eave fait par Nelson Mandela, du fond de sa prison et dans la nuit de l&rsquo;apartheid&#8230; Brian Tracy Carla Harris Vous pouvez aussi lire Sensibilisation [&hellip;]<\/p>\n","protected":false},"author":1,"featured_media":0,"parent":0,"menu_order":0,"comment_status":"closed","ping_status":"closed","template":"","meta":{"footnotes":""},"class_list":["post-37","page","type-page","status-publish","hentry"],"rttpg_featured_image_url":null,"rttpg_author":{"display_name":"leadershipcivicengagement.com","author_link":"https:\/\/leadershipcivicengagement.com\/?author=1"},"rttpg_comment":0,"rttpg_category":"","rttpg_excerpt":"Biographie Nelson Mandela : Un h\u00e9ros qui avait tout donn\u00e9 au monde\u2026 \u00ab&nbsp;Mener son pays vers la d\u00e9mocratie, \u00e0 l\u2019\u00e9galit\u00e9 de droits pour les noirs et les blancs&nbsp;\u00bb. Voil\u00e0 le r\u00eave fait par Nelson Mandela, du fond de sa prison et dans la nuit de l&rsquo;apartheid&#8230; Brian Tracy Carla Harris Vous pouvez aussi lire Sensibilisation\u2026","_links":{"self":[{"href":"https:\/\/leadershipcivicengagement.com\/index.php?rest_route=\/wp\/v2\/pages\/37"}],"collection":[{"href":"https:\/\/leadershipcivicengagement.com\/index.php?rest_route=\/wp\/v2\/pages"}],"about":[{"href":"https:\/\/leadershipcivicengagement.com\/index.php?rest_route=\/wp\/v2\/types\/page"}],"author":[{"embeddable":true,"href":"https:\/\/leadershipcivicengagement.com\/index.php?rest_route=\/wp\/v2\/users\/1"}],"replies":[{"embeddable":true,"href":"https:\/\/leadershipcivicengagement.com\/index.php?rest_route=%2Fwp%2Fv2%2Fcomments&post=37"}],"version-history":[{"count":42,"href":"https:\/\/leadershipcivicengagement.com\/index.php?rest_route=\/wp\/v2\/pages\/37\/revisions"}],"predecessor-version":[{"id":2134,"href":"https:\/\/leadershipcivicengagement.com\/index.php?rest_route=\/wp\/v2\/pages\/37\/revisions\/2134"}],"wp:attachment":[{"href":"https:\/\/leadershipcivicengagement.com\/index.php?rest_route=%2Fwp%2Fv2%2Fmedia&parent=37"}],"curies":[{"name":"wp","href":"https:\/\/api.w.org\/{rel}","templated":true}]}}