{"id":32,"date":"2019-11-05T16:01:14","date_gmt":"2019-11-05T15:01:14","guid":{"rendered":"https:\/\/leadershipcivicengagementwater.wpcomstaging.com\/?page_id=32"},"modified":"2024-05-02T13:50:15","modified_gmt":"2024-05-02T11:50:15","slug":"editorial","status":"publish","type":"page","link":"https:\/\/leadershipcivicengagement.com\/?page_id=32","title":{"rendered":"Editorial"},"content":{"rendered":"\t\t<div data-elementor-type=\"wp-page\" data-elementor-id=\"32\" class=\"elementor elementor-32\" data-elementor-post-type=\"page\">\n\t\t\t\t<div class=\"elementor-element elementor-element-0edf2ea e-flex e-con-boxed wpr-particle-no wpr-jarallax-no wpr-parallax-no wpr-sticky-section-no e-con e-parent\" data-id=\"0edf2ea\" data-element_type=\"container\" data-core-v316-plus=\"true\">\n\t\t\t\t\t<div class=\"e-con-inner\">\n\t\t\t\t<div class=\"elementor-element elementor-element-a76c485 elementor-widget elementor-widget-he-news-module-eight\" data-id=\"a76c485\" data-element_type=\"widget\" data-widget_type=\"he-news-module-eight.default\">\n\t\t\t\t<div class=\"elementor-widget-container\">\n\t\t\t        <div class=\"he-news-module-eight\">\n            \n            <div class=\"he-news-module-eight-wrap\">\n                                        <div class=\"he-big-block\">\n                            <div class=\"he-post-item he-clearfix\">\n                                <div class=\"he-post-thumb\">\n                                    <a href=\"https:\/\/leadershipcivicengagement.com\/?p=2633\">\n                                        <div class=\"he-thumb-container\">\n                                                                                            <img decoding=\"async\" alt=\"Fentes labiales et palatines : VIA-ME mobilise professionnels de sant\u00e9 et jeunes pour une meilleure prise en charge\" src=\"https:\/\/leadershipcivicengagement.com\/wp-content\/uploads\/2025\/12\/WhatsApp-Image-2025-12-28-at-12.55.59-1-1024x768.jpeg\">\n                                                                                    <\/div>\n                                    <\/a>\n                                                                    <\/div>\n\n                                <div class=\"he-post-content\">\n                                    <h3 class=\"he-big-title he-post-title\"><a href=\"https:\/\/leadershipcivicengagement.com\/?p=2633\">Fentes labiales et palatines : VIA-ME mobilise professionnels de sant\u00e9 et jeunes pour une meilleure prise en charge<\/a><\/h3>\n                                                                        <div class=\"he-excerpt\">\n                                                    <div class=\"he-excerpt\">\nL\u2019association via-me a organis\u00e9 le vendredi 26 d\u00e9cembre 2025 \u00e0 Cotonou, un atelier de formation et de sensibilisation \u00e0 l\u2019endroit des professionnels de la sant\u00e9 et des jeunes engag\u00e9s\u00a0 de la soci\u00e9t\u00e9 civile. L\u2019occasion a \u00e9t\u00e9 pour les participants e re...<\/div>\n                                                <\/div>\n                                <\/div>\n                            <\/div>\n                        <\/div>\n                                                                                                <div class=\"he-small-block\">\n                                <div class=\"he-small-block-wrap\">\n                                                                <div class=\"he-post-item he-clearfix\">\n                                    <div class=\"he-post-thumb\">\n                                        <a href=\"https:\/\/leadershipcivicengagement.com\/?p=2622\">\n                                            <div class=\"he-thumb-container\">\n                                                                                                    <img decoding=\"async\" alt=\"Employabilit\u00e9 des jeunes au B\u00e9nin : ProGen mise sur la ma\u00eetrise de l\u2019Anglais et l\u2019engagement civique au CEG Tindji\" src=\"https:\/\/leadershipcivicengagement.com\/wp-content\/uploads\/2025\/12\/WhatsApp-Image-2025-11-30-at-18.03.45.jpeg\">\n                                                                                            <\/div>\n                                        <\/a>\n                                                                            <\/div>\n\n                                    <div class=\"he-post-content\">\n                                        <h3 class=\"he-post-title\"><a href=\"https:\/\/leadershipcivicengagement.com\/?p=2622\">Employabilit\u00e9 des jeunes au B\u00e9nin : ProGen mise sur la ma\u00eetrise de l\u2019Anglais et l\u2019engagement civique au CEG Tindji<\/a><\/h3>\n                                                                            <\/div>\n                                <\/div>\n                                                                                                                                <div class=\"he-post-item he-clearfix\">\n                                    <div class=\"he-post-thumb\">\n                                        <a href=\"https:\/\/leadershipcivicengagement.com\/?p=2614\">\n                                            <div class=\"he-thumb-container\">\n                                                                                                    <img decoding=\"async\" alt=\"\u00c0 Abomey-Calavi, le PJSAN initie les \u00e9coliers aux bons r\u00e9flexes alimentaires\" src=\"https:\/\/leadershipcivicengagement.com\/wp-content\/uploads\/2025\/10\/566223947_1143290814615479_831161623-1-768x1024.jpg\">\n                                                                                            <\/div>\n                                        <\/a>\n                                                                            <\/div>\n\n                                    <div class=\"he-post-content\">\n                                        <h3 class=\"he-post-title\"><a href=\"https:\/\/leadershipcivicengagement.com\/?p=2614\">\u00c0 Abomey-Calavi, le PJSAN initie les \u00e9coliers aux bons r\u00e9flexes alimentaires<\/a><\/h3>\n                                                                            <\/div>\n                                <\/div>\n                                                                                                                                <div class=\"he-post-item he-clearfix\">\n                                    <div class=\"he-post-thumb\">\n                                        <a href=\"https:\/\/leadershipcivicengagement.com\/?p=2605\">\n                                            <div class=\"he-thumb-container\">\n                                                                                                    <img decoding=\"async\" alt=\"\u00c0 Montr\u00e9al, le FISD 2025 s\u2019impose comme la grande agora du d\u00e9veloppement solidaire\" src=\"https:\/\/leadershipcivicengagement.com\/wp-content\/uploads\/2025\/10\/logo-print-hd-transparent-1024x351.png\">\n                                                                                            <\/div>\n                                        <\/a>\n                                                                            <\/div>\n\n                                    <div class=\"he-post-content\">\n                                        <h3 class=\"he-post-title\"><a href=\"https:\/\/leadershipcivicengagement.com\/?p=2605\">\u00c0 Montr\u00e9al, le FISD 2025 s\u2019impose comme la grande agora du d\u00e9veloppement solidaire<\/a><\/h3>\n                                                                            <\/div>\n                                <\/div>\n                                                                                                                                <div class=\"he-post-item he-clearfix\">\n                                    <div class=\"he-post-thumb\">\n                                        <a href=\"https:\/\/leadershipcivicengagement.com\/?p=2593\">\n                                            <div class=\"he-thumb-container\">\n                                                                                                    <img decoding=\"async\" alt=\"CPHIA 2025: Africa CDC et ses partenaires vont placer les solutions propos\u00e9es par les Africains au c\u0153ur de la r\u00e9forme mondiale de la sant\u00e9.\" src=\"https:\/\/leadershipcivicengagement.com\/wp-content\/uploads\/2025\/10\/cropped-CPHIA-2025-logo_color.webp\">\n                                                                                            <\/div>\n                                        <\/a>\n                                                                            <\/div>\n\n                                    <div class=\"he-post-content\">\n                                        <h3 class=\"he-post-title\"><a href=\"https:\/\/leadershipcivicengagement.com\/?p=2593\">CPHIA 2025: Africa CDC et ses partenaires vont placer les solutions propos\u00e9es par les Africains au c\u0153ur de la r\u00e9forme mondiale de la sant\u00e9.<\/a><\/h3>\n                                                                            <\/div>\n                                <\/div>\n                                                                <\/div>\n                            <\/div> \n                                                                            <\/div>\n        <\/div>\n        \t\t<\/div>\n\t\t\t\t<\/div>\n\t\t\t\t\t<\/div>\n\t\t\t\t<\/div>\n\t\t<div class=\"elementor-element elementor-element-d86aee4 e-flex e-con-boxed wpr-particle-no wpr-jarallax-no wpr-parallax-no wpr-sticky-section-no e-con e-parent\" data-id=\"d86aee4\" data-element_type=\"container\" data-core-v316-plus=\"true\">\n\t\t\t\t\t<div class=\"e-con-inner\">\n\t\t\t\t<div class=\"elementor-element elementor-element-7b5a0fd elementor-widget elementor-widget-total-blog-module\" data-id=\"7b5a0fd\" data-element_type=\"widget\" data-widget_type=\"total-blog-module.default\">\n\t\t\t\t<div class=\"elementor-widget-container\">\n\t\t\t        <div class=\"het-blog-wrap het-clearfix\">\n                                <div class=\"het-blog-post\">\n                        <div class=\"het-blog-box\">\n                                                        <div class=\"het-blog-excerpt\">\n                                <h5><a href=\"https:\/\/leadershipcivicengagement.com\/?p=1372\">Pour l\u2019Afrique et pour l\u2019humanit\u00e9\u2026<\/a><\/h5>\n                                <div class=\"het-blog-date\"><i class=\"fa fa-calendar-o\" aria-hidden=\"true\"><\/i>31 janvier 2023<\/div>\n                                <div class=\"het-blog-excerpt-text\">\nCe n\u2019est pas que l\u2019humanit\u00e9 en g\u00e9n\u00e9ral mais c\u2019est surtout l\u2019Afrique en particulier qui fait face aux \u00e9normes d\u00e9fis de notre \u00e8re en mati\u00e8re de sant\u00e9 et de bien-\u00eatre. Notre continent a souven...<\/div>                            <\/div>\n\n                            <div class=\"het-blog-read-more\">\n                                <a href=\"https:\/\/leadershipcivicengagement.com\/?p=1372\">Read More<\/a>\n                            <\/div>\n                        <\/div>\n                    <\/div>\n                                        <div class=\"het-blog-post\">\n                        <div class=\"het-blog-box\">\n                                                        <div class=\"het-blog-excerpt\">\n                                <h5><a href=\"https:\/\/leadershipcivicengagement.com\/?p=573\">Notre contrat citoyen\u2026<\/a><\/h5>\n                                <div class=\"het-blog-date\"><i class=\"fa fa-calendar-o\" aria-hidden=\"true\"><\/i>18 novembre 2020<\/div>\n                                <div class=\"het-blog-excerpt-text\">\nNous sommes les seuls logiques partenaires de la nation. Notre terre vit par nous, elle n\u2019a d\u2019ailleurs que nous pour continuer par \u00e9grener les berceuses ensorcelantes qui permettent \u00e0 son h...<\/div>                            <\/div>\n\n                            <div class=\"het-blog-read-more\">\n                                <a href=\"https:\/\/leadershipcivicengagement.com\/?p=573\">Read More<\/a>\n                            <\/div>\n                        <\/div>\n                    <\/div>\n                                        <div class=\"het-blog-post\">\n                        <div class=\"het-blog-box\">\n                                                        <div class=\"het-blog-excerpt\">\n                                <h5><a href=\"https:\/\/leadershipcivicengagement.com\/?p=483\">\u00c9ditorial<\/a><\/h5>\n                                <div class=\"het-blog-date\"><i class=\"fa fa-calendar-o\" aria-hidden=\"true\"><\/i>2 octobre 2020<\/div>\n                                <div class=\"het-blog-excerpt-text\">\nDes origines du g\u00e9ant n\u00e9ant\u2026\n\n\n\nL\u2019humanit\u00e9 est malade et l\u2019\u00e9ducation est son rem\u00e8de. Car l\u2019\u00e9ducation est la voix royale de l\u2019intelligence et la m\u00e8re l\u00e9gitime de la morale. Le monde ploie so...<\/div>                            <\/div>\n\n                            <div class=\"het-blog-read-more\">\n                                <a href=\"https:\/\/leadershipcivicengagement.com\/?p=483\">Read More<\/a>\n                            <\/div>\n                        <\/div>\n                    <\/div>\n                                        <div class=\"het-blog-post\">\n                        <div class=\"het-blog-box\">\n                                                        <div class=\"het-blog-excerpt\">\n                                <h5><a href=\"https:\/\/leadershipcivicengagement.com\/?p=296\">Pour des si\u00e8cles et des si\u00e8cles \u2026<\/a><\/h5>\n                                <div class=\"het-blog-date\"><i class=\"fa fa-calendar-o\" aria-hidden=\"true\"><\/i>6 mai 2020<\/div>\n                                <div class=\"het-blog-excerpt-text\">\nAujourd\u2019hui continue d\u2019\u00eatre assombri par le noir que projette sur l\u2019humanit\u00e9, ce qui restera une fois pour toutes, l\u2019un des microorganismes les plus d\u00e9vastateurs depuis des si\u00e8cles. Le Coro...<\/div>                            <\/div>\n\n                            <div class=\"het-blog-read-more\">\n                                <a href=\"https:\/\/leadershipcivicengagement.com\/?p=296\">Read More<\/a>\n                            <\/div>\n                        <\/div>\n                    <\/div>\n                                        <div class=\"het-blog-post\">\n                        <div class=\"het-blog-box\">\n                                                        <div class=\"het-blog-excerpt\">\n                                <h5><a href=\"https:\/\/leadershipcivicengagement.com\/?p=254\">La faiblesse de notre force \u2026<\/a><\/h5>\n                                <div class=\"het-blog-date\"><i class=\"fa fa-calendar-o\" aria-hidden=\"true\"><\/i>4 avril 2020<\/div>\n                                <div class=\"het-blog-excerpt-text\">\nAboudou WAlid AGRO\n\n\n\nSi fort, si faible\u00a0! C\u2019est l\u2019image que l\u2019humanit\u00e9 aura finalement et sans d\u00e9tour retenue d\u2019elle-m\u00eame. C\u2019est all\u00e9 tr\u00e8s vite et la conclusion n\u2019a attendu que quelques se...<\/div>                            <\/div>\n\n                            <div class=\"het-blog-read-more\">\n                                <a href=\"https:\/\/leadershipcivicengagement.com\/?p=254\">Read More<\/a>\n                            <\/div>\n                        <\/div>\n                    <\/div>\n                                        <div class=\"het-blog-post\">\n                        <div class=\"het-blog-box\">\n                                                        <div class=\"het-blog-excerpt\">\n                                <h5><a href=\"https:\/\/leadershipcivicengagement.com\/?p=238\">Je ne suis pas de la g\u00e9n\u00e9ration \u00e9galit\u00e9\u2026<\/a><\/h5>\n                                <div class=\"het-blog-date\"><i class=\"fa fa-calendar-o\" aria-hidden=\"true\"><\/i>12 mars 2020<\/div>\n                                <div class=\"het-blog-excerpt-text\">\n\n\n\n\n\n\nPhoto Marie ELise GBEDO  (Ic\u00f4ne de la lutte pour les droits de la femme) et Walid AGRO\n\n\n\nJe ne suis pas de la g\u00e9n\u00e9ration \u00e9galit\u00e9\u2026\n\n\n\nJe ne suis pas de la g\u00e9n\u00e9ration \u00e9galit\u00e9. Mais je ...<\/div>                            <\/div>\n\n                            <div class=\"het-blog-read-more\">\n                                <a href=\"https:\/\/leadershipcivicengagement.com\/?p=238\">Read More<\/a>\n                            <\/div>\n                        <\/div>\n                    <\/div>\n                            <\/div>\n        \t\t<\/div>\n\t\t\t\t<\/div>\n\t\t\t\t\t<\/div>\n\t\t\t\t<\/div>\n\t\t\t\t<\/div>\n\t\t","protected":false},"excerpt":{"rendered":"<p>Adoption d&#8217;un cadre mondial de gouvernance des donn\u00e9es de sant\u00e9\u00a0: VIA-ME mobilise les parlementaires pour l\u2019adh\u00e9sion du B\u00e9nin aux principes Un atelier de plaidoyer en faveur de l\u2019adoption d\u2019un cadre mondial de &nbsp;gouvernance des donn\u00e9es de sant\u00e9 a r\u00e9uni ce lundi 29 avril 2024 \u00e0 l\u2019Assembl\u00e9e nationale du B\u00e9nin \u00e0 Porto-Novo, les d\u00e9put\u00e9s de la [&hellip;]<\/p>\n","protected":false},"author":1,"featured_media":0,"parent":0,"menu_order":0,"comment_status":"closed","ping_status":"closed","template":"","meta":{"footnotes":""},"class_list":["post-32","page","type-page","status-publish","hentry"],"rttpg_featured_image_url":null,"rttpg_author":{"display_name":"leadershipcivicengagement.com","author_link":"https:\/\/leadershipcivicengagement.com\/?author=1"},"rttpg_comment":0,"rttpg_category":"","rttpg_excerpt":"Adoption d&#8217;un cadre mondial de gouvernance des donn\u00e9es de sant\u00e9\u00a0: VIA-ME mobilise les parlementaires pour l\u2019adh\u00e9sion du B\u00e9nin aux principes Un atelier de plaidoyer en faveur de l\u2019adoption d\u2019un cadre mondial de &nbsp;gouvernance des donn\u00e9es de sant\u00e9 a r\u00e9uni ce lundi 29 avril 2024 \u00e0 l\u2019Assembl\u00e9e nationale du B\u00e9nin \u00e0 Porto-Novo, les d\u00e9put\u00e9s de la\u2026","_links":{"self":[{"href":"https:\/\/leadershipcivicengagement.com\/index.php?rest_route=\/wp\/v2\/pages\/32"}],"collection":[{"href":"https:\/\/leadershipcivicengagement.com\/index.php?rest_route=\/wp\/v2\/pages"}],"about":[{"href":"https:\/\/leadershipcivicengagement.com\/index.php?rest_route=\/wp\/v2\/types\/page"}],"author":[{"embeddable":true,"href":"https:\/\/leadershipcivicengagement.com\/index.php?rest_route=\/wp\/v2\/users\/1"}],"replies":[{"embeddable":true,"href":"https:\/\/leadershipcivicengagement.com\/index.php?rest_route=%2Fwp%2Fv2%2Fcomments&post=32"}],"version-history":[{"count":15,"href":"https:\/\/leadershipcivicengagement.com\/index.php?rest_route=\/wp\/v2\/pages\/32\/revisions"}],"predecessor-version":[{"id":2339,"href":"https:\/\/leadershipcivicengagement.com\/index.php?rest_route=\/wp\/v2\/pages\/32\/revisions\/2339"}],"wp:attachment":[{"href":"https:\/\/leadershipcivicengagement.com\/index.php?rest_route=%2Fwp%2Fv2%2Fmedia&parent=32"}],"curies":[{"name":"wp","href":"https:\/\/api.w.org\/{rel}","templated":true}]}}